{"id":229,"date":"2024-08-12T12:28:44","date_gmt":"2024-08-12T10:28:44","guid":{"rendered":"https:\/\/digitenser-consulting.de\/?page_id=229"},"modified":"2025-11-26T17:03:52","modified_gmt":"2025-11-26T16:03:52","slug":"impressum","status":"publish","type":"page","link":"https:\/\/digitenser-consulting.de\/index.php\/impressum\/","title":{"rendered":"Impressum"},"content":{"rendered":"\n<p><strong>Seitenbetreiber i.S.d. \u00a7 5 TMG<\/strong><\/p>\n\n\n\n<p>Digitenser Consulting UG (haftungsbeschr\u00e4nkt)<br>Assenheimer Str. 35<br>61194 Niddatal<\/p>\n\n\n\n<p>Vertreten durch den Gesch\u00e4ftsf\u00fchrer: Felix Brinkmann<br>Mail: <a href=\"mailto:felix.brinkmann@digitenser-consulting.de\" target=\"_blank\" rel=\"noreferrer noopener\">info<\/a>@digitenser-consulting-de<\/p>\n\n\n\n<p>Sitz der Gesellschaft: Niddatal<br>Registergericht: Amtsgericht Friedberg<br>Handelsregisternummer: HRB108728<br>Umsatzsteuer-ID: DE355149050<\/p>\n\n\n\n<p><\/p>\n\n\n\n<p><strong>Information<\/strong>&nbsp;<strong>zur Online- Streitbeilegung:<\/strong><\/p>\n\n\n\n<p>Die Europ\u00e4ische Kommission stellt eine Plattform zu Online-Streitbeilegung (OS) bereit. Diese Plattform finden Sie unter folgendem Link:&nbsp;<a href=\"http:\/\/ec.europa.eu\/consumers\/odr\/\">http:\/\/ec.europa.eu\/consumers\/odr\/<\/a>. Verbraucher k\u00f6nnen diese Plattform nutzen, um ihre Streitigkeiten aus Online-Vertr\u00e4gen beizulegen, soweit sich der jeweilige Anbieter an dem Streitschlichtungsverfahren der Online-Schlichtungsstelle beteiligt.<\/p>\n\n\n\n<p>Informationen nach \u00a7 36 VSBG<br><br>Wir beteiligen uns nicht an alternativen Streitschlichtungsverfahren, auch nicht an dem vorgenannten mittels der vorstehend verlinkten Online-Schlichtungsstelle. Die Nutzung der Online-Schlichtungsstelle stellt keine zwingende Voraussetzung f\u00fcr das Anrufen zust\u00e4ndiger ordentlicher Gerichte dar.<\/p>\n","protected":false},"excerpt":{"rendered":"<p>Seitenbetreiber i.S.d. \u00a7 5 TMG Digitenser Consulting UG (haftungsbeschr\u00e4nkt)Assenheimer Str. 3561194 Niddatal Vertreten durch den Gesch\u00e4ftsf\u00fchrer: Felix BrinkmannMail: info@digitenser-consulting-de Sitz der Gesellschaft: NiddatalRegistergericht: Amtsgericht FriedbergHandelsregisternummer: HRB108728Umsatzsteuer-ID: DE355149050 Information&nbsp;zur Online- Streitbeilegung: Die Europ\u00e4ische Kommission stellt eine Plattform zu Online-Streitbeilegung (OS) bereit. Diese Plattform finden Sie unter folgendem Link:&nbsp;http:\/\/ec.europa.eu\/consumers\/odr\/. Verbraucher k\u00f6nnen diese Plattform nutzen, um ihre Streitigkeiten [&hellip;]<\/p>\n","protected":false},"author":1,"featured_media":0,"parent":0,"menu_order":0,"comment_status":"closed","ping_status":"closed","template":"","meta":{"iawp_total_views":49,"footnotes":""},"class_list":["post-229","page","type-page","status-publish","hentry"],"yoast_head":"<!-- This site is optimized with the Yoast SEO plugin v24.1 - https:\/\/yoast.com\/wordpress\/plugins\/seo\/ -->\n<title>Impressum - Digitenser Consulting<\/title>\n<meta name=\"robots\" content=\"index, follow, max-snippet:-1, max-image-preview:large, max-video-preview:-1\" \/>\n<link rel=\"canonical\" href=\"https:\/\/digitenser-consulting.de\/index.php\/impressum\/\" \/>\n<meta property=\"og:locale\" content=\"de_DE\" \/>\n<meta property=\"og:type\" content=\"article\" \/>\n<meta property=\"og:title\" content=\"Impressum - Digitenser Consulting\" \/>\n<meta property=\"og:description\" content=\"Seitenbetreiber i.S.d. \u00a7 5 TMG Digitenser Consulting UG (haftungsbeschr\u00e4nkt)Assenheimer Str. 3561194 Niddatal Vertreten durch den Gesch\u00e4ftsf\u00fchrer: Felix BrinkmannMail: info@digitenser-consulting-de Sitz der Gesellschaft: NiddatalRegistergericht: Amtsgericht FriedbergHandelsregisternummer: HRB108728Umsatzsteuer-ID: DE355149050 Information&nbsp;zur Online- Streitbeilegung: Die Europ\u00e4ische Kommission stellt eine Plattform zu Online-Streitbeilegung (OS) bereit. Diese Plattform finden Sie unter folgendem Link:&nbsp;http:\/\/ec.europa.eu\/consumers\/odr\/. Verbraucher k\u00f6nnen diese Plattform nutzen, um ihre Streitigkeiten [&hellip;]\" \/>\n<meta property=\"og:url\" content=\"https:\/\/digitenser-consulting.de\/index.php\/impressum\/\" \/>\n<meta property=\"og:site_name\" content=\"Digitenser Consulting\" \/>\n<meta property=\"article:modified_time\" content=\"2025-11-26T16:03:52+00:00\" \/>\n<meta name=\"twitter:card\" content=\"summary_large_image\" \/>\n<meta name=\"twitter:label1\" content=\"Gesch\u00e4tzte Lesezeit\" \/>\n\t<meta name=\"twitter:data1\" content=\"1\u00a0Minute\" \/>\n<script type=\"application\/ld+json\" class=\"yoast-schema-graph\">{\"@context\":\"https:\/\/schema.org\",\"@graph\":[{\"@type\":\"WebPage\",\"@id\":\"https:\/\/digitenser-consulting.de\/index.php\/impressum\/\",\"url\":\"https:\/\/digitenser-consulting.de\/index.php\/impressum\/\",\"name\":\"Impressum - Digitenser Consulting\",\"isPartOf\":{\"@id\":\"https:\/\/digitenser-consulting.de\/#website\"},\"datePublished\":\"2024-08-12T10:28:44+00:00\",\"dateModified\":\"2025-11-26T16:03:52+00:00\",\"breadcrumb\":{\"@id\":\"https:\/\/digitenser-consulting.de\/index.php\/impressum\/#breadcrumb\"},\"inLanguage\":\"de\",\"potentialAction\":[{\"@type\":\"ReadAction\",\"target\":[\"https:\/\/digitenser-consulting.de\/index.php\/impressum\/\"]}]},{\"@type\":\"BreadcrumbList\",\"@id\":\"https:\/\/digitenser-consulting.de\/index.php\/impressum\/#breadcrumb\",\"itemListElement\":[{\"@type\":\"ListItem\",\"position\":1,\"name\":\"Home\",\"item\":\"https:\/\/digitenser-consulting.de\/\"},{\"@type\":\"ListItem\",\"position\":2,\"name\":\"Impressum\"}]},{\"@type\":\"WebSite\",\"@id\":\"https:\/\/digitenser-consulting.de\/#website\",\"url\":\"https:\/\/digitenser-consulting.de\/\",\"name\":\"Digitenser Consulting\",\"description\":\"Moderne IT-Beratung\",\"publisher\":{\"@id\":\"https:\/\/digitenser-consulting.de\/#organization\"},\"potentialAction\":[{\"@type\":\"SearchAction\",\"target\":{\"@type\":\"EntryPoint\",\"urlTemplate\":\"https:\/\/digitenser-consulting.de\/?s={search_term_string}\"},\"query-input\":{\"@type\":\"PropertyValueSpecification\",\"valueRequired\":true,\"valueName\":\"search_term_string\"}}],\"inLanguage\":\"de\"},{\"@type\":\"Organization\",\"@id\":\"https:\/\/digitenser-consulting.de\/#organization\",\"name\":\"Digitenser Consulting\",\"url\":\"https:\/\/digitenser-consulting.de\/\",\"logo\":{\"@type\":\"ImageObject\",\"inLanguage\":\"de\",\"@id\":\"https:\/\/digitenser-consulting.de\/#\/schema\/logo\/image\/\",\"url\":\"https:\/\/digitenser-consulting.de\/wp-content\/uploads\/2024\/08\/digitenser_logo_subtitle_estonian_blue-1.png\",\"contentUrl\":\"https:\/\/digitenser-consulting.de\/wp-content\/uploads\/2024\/08\/digitenser_logo_subtitle_estonian_blue-1.png\",\"width\":1270,\"height\":362,\"caption\":\"Digitenser Consulting\"},\"image\":{\"@id\":\"https:\/\/digitenser-consulting.de\/#\/schema\/logo\/image\/\"}}]}<\/script>\n<!-- \/ Yoast SEO plugin. -->","yoast_head_json":{"title":"Impressum - Digitenser Consulting","robots":{"index":"index","follow":"follow","max-snippet":"max-snippet:-1","max-image-preview":"max-image-preview:large","max-video-preview":"max-video-preview:-1"},"canonical":"https:\/\/digitenser-consulting.de\/index.php\/impressum\/","og_locale":"de_DE","og_type":"article","og_title":"Impressum - Digitenser Consulting","og_description":"Seitenbetreiber i.S.d. \u00a7 5 TMG Digitenser Consulting UG (haftungsbeschr\u00e4nkt)Assenheimer Str. 3561194 Niddatal Vertreten durch den Gesch\u00e4ftsf\u00fchrer: Felix BrinkmannMail: info@digitenser-consulting-de Sitz der Gesellschaft: NiddatalRegistergericht: Amtsgericht FriedbergHandelsregisternummer: HRB108728Umsatzsteuer-ID: DE355149050 Information&nbsp;zur Online- Streitbeilegung: Die Europ\u00e4ische Kommission stellt eine Plattform zu Online-Streitbeilegung (OS) bereit. Diese Plattform finden Sie unter folgendem Link:&nbsp;http:\/\/ec.europa.eu\/consumers\/odr\/. Verbraucher k\u00f6nnen diese Plattform nutzen, um ihre Streitigkeiten [&hellip;]","og_url":"https:\/\/digitenser-consulting.de\/index.php\/impressum\/","og_site_name":"Digitenser Consulting","article_modified_time":"2025-11-26T16:03:52+00:00","twitter_card":"summary_large_image","twitter_misc":{"Gesch\u00e4tzte Lesezeit":"1\u00a0Minute"},"schema":{"@context":"https:\/\/schema.org","@graph":[{"@type":"WebPage","@id":"https:\/\/digitenser-consulting.de\/index.php\/impressum\/","url":"https:\/\/digitenser-consulting.de\/index.php\/impressum\/","name":"Impressum - Digitenser Consulting","isPartOf":{"@id":"https:\/\/digitenser-consulting.de\/#website"},"datePublished":"2024-08-12T10:28:44+00:00","dateModified":"2025-11-26T16:03:52+00:00","breadcrumb":{"@id":"https:\/\/digitenser-consulting.de\/index.php\/impressum\/#breadcrumb"},"inLanguage":"de","potentialAction":[{"@type":"ReadAction","target":["https:\/\/digitenser-consulting.de\/index.php\/impressum\/"]}]},{"@type":"BreadcrumbList","@id":"https:\/\/digitenser-consulting.de\/index.php\/impressum\/#breadcrumb","itemListElement":[{"@type":"ListItem","position":1,"name":"Home","item":"https:\/\/digitenser-consulting.de\/"},{"@type":"ListItem","position":2,"name":"Impressum"}]},{"@type":"WebSite","@id":"https:\/\/digitenser-consulting.de\/#website","url":"https:\/\/digitenser-consulting.de\/","name":"Digitenser Consulting","description":"Moderne IT-Beratung","publisher":{"@id":"https:\/\/digitenser-consulting.de\/#organization"},"potentialAction":[{"@type":"SearchAction","target":{"@type":"EntryPoint","urlTemplate":"https:\/\/digitenser-consulting.de\/?s={search_term_string}"},"query-input":{"@type":"PropertyValueSpecification","valueRequired":true,"valueName":"search_term_string"}}],"inLanguage":"de"},{"@type":"Organization","@id":"https:\/\/digitenser-consulting.de\/#organization","name":"Digitenser Consulting","url":"https:\/\/digitenser-consulting.de\/","logo":{"@type":"ImageObject","inLanguage":"de","@id":"https:\/\/digitenser-consulting.de\/#\/schema\/logo\/image\/","url":"https:\/\/digitenser-consulting.de\/wp-content\/uploads\/2024\/08\/digitenser_logo_subtitle_estonian_blue-1.png","contentUrl":"https:\/\/digitenser-consulting.de\/wp-content\/uploads\/2024\/08\/digitenser_logo_subtitle_estonian_blue-1.png","width":1270,"height":362,"caption":"Digitenser Consulting"},"image":{"@id":"https:\/\/digitenser-consulting.de\/#\/schema\/logo\/image\/"}}]}},"_links":{"self":[{"href":"https:\/\/digitenser-consulting.de\/index.php\/wp-json\/wp\/v2\/pages\/229","targetHints":{"allow":["GET"]}}],"collection":[{"href":"https:\/\/digitenser-consulting.de\/index.php\/wp-json\/wp\/v2\/pages"}],"about":[{"href":"https:\/\/digitenser-consulting.de\/index.php\/wp-json\/wp\/v2\/types\/page"}],"author":[{"embeddable":true,"href":"https:\/\/digitenser-consulting.de\/index.php\/wp-json\/wp\/v2\/users\/1"}],"replies":[{"embeddable":true,"href":"https:\/\/digitenser-consulting.de\/index.php\/wp-json\/wp\/v2\/comments?post=229"}],"version-history":[{"count":6,"href":"https:\/\/digitenser-consulting.de\/index.php\/wp-json\/wp\/v2\/pages\/229\/revisions"}],"predecessor-version":[{"id":538,"href":"https:\/\/digitenser-consulting.de\/index.php\/wp-json\/wp\/v2\/pages\/229\/revisions\/538"}],"wp:attachment":[{"href":"https:\/\/digitenser-consulting.de\/index.php\/wp-json\/wp\/v2\/media?parent=229"}],"curies":[{"name":"wp","href":"https:\/\/api.w.org\/{rel}","templated":true}]}}